{"id":232,"date":"2019-11-08T12:33:03","date_gmt":"2019-11-08T11:33:03","guid":{"rendered":"http:\/\/mairiedebailly60.fr\/?page_id=232"},"modified":"2025-10-20T10:18:20","modified_gmt":"2025-10-20T08:18:20","slug":"enfance-et-jeunesse","status":"publish","type":"page","link":"https:\/\/mairiedebailly60.fr\/?page_id=232","title":{"rendered":"ENFANCE ET JEUNESSE"},"content":{"rendered":"\n<p>L\u2019\u00e9cole est\ncompos\u00e9e de trois classes&nbsp;:<\/p>\n\n\n\n<p>&#8211; Madame\nGonthier est l\u2019enseignante de la classe de maternelle&nbsp;, elle accueille des\nenfants de petite section, moyenne section et grande section.<\/p>\n\n\n\n<p>&#8211; Madame Da Silva, qui est la directrice de l\u2019\u00e9cole et l\u2019enseignante de la classe de CP\/CE1\/CE2. (09.60.13.57.79)<\/p>\n\n\n\n<p>&#8211; Madame\nsabras, enseignante de la classe de CE2\/CM1\/CM2.<\/p>\n\n\n\n<p>L\u2019\u00e9cole\ncompte 63 \u00e9l\u00e8ves, une ATSEM (madame Da Silva Rosa) et une AVS (Elisabeth\nEthuin).<\/p>\n\n\n\n<p>Les \u00e9l\u00e8ves ont\nla chance d\u2019avoir une biblioth\u00e8que au sein de l\u2019\u00e9cole, ils y ont acc\u00e8s une fois\npar semaine et sont accueillis par Cathy Wallaert (elle s\u2019occupe \u00e9galement du\np\u00e9riscolaire).<\/p>\n\n\n\n<p>Le midi, les parents qui le d\u00e9sirent, peuvent inscrire leur enfant \u00e0 la cantine et l\u2019\u00e9cole dispose \u00e9galement d\u2019un service de p\u00e9riscolaire. Vous pouvez contacter madame Cathy Drouin, Directrice du P\u00e9riscolaire, pour toute question compl\u00e9mentaire. (03.44.75.54.01  ou 06.28.17.92.15).<\/p>\n","protected":false},"excerpt":{"rendered":"<p>L\u2019\u00e9cole est compos\u00e9e de trois classes&nbsp;: &#8211; Madame Gonthier est l\u2019enseignante de la classe de maternelle&nbsp;, elle accueille des enfants de petite section, moyenne section et grande section. &#8211; Madame Da Silva, qui est la directrice de l\u2019\u00e9cole et l\u2019enseignante de la classe de CP\/CE1\/CE2. (09.60.13.57.79) &#8211; Madame sabras, enseignante de la classe de CE2\/CM1\/CM2. &hellip; <\/p>\n<p class=\"link-more\"><a href=\"https:\/\/mairiedebailly60.fr\/?page_id=232\" class=\"more-link\">Continuer la lecture<span class=\"screen-reader-text\"> de &laquo;&nbsp;ENFANCE ET JEUNESSE&nbsp;&raquo;<\/span><\/a><\/p>\n","protected":false},"author":1,"featured_media":0,"parent":0,"menu_order":0,"comment_status":"closed","ping_status":"closed","template":"","meta":[],"_links":{"self":[{"href":"https:\/\/mairiedebailly60.fr\/index.php?rest_route=\/wp\/v2\/pages\/232"}],"collection":[{"href":"https:\/\/mairiedebailly60.fr\/index.php?rest_route=\/wp\/v2\/pages"}],"about":[{"href":"https:\/\/mairiedebailly60.fr\/index.php?rest_route=\/wp\/v2\/types\/page"}],"author":[{"embeddable":true,"href":"https:\/\/mairiedebailly60.fr\/index.php?rest_route=\/wp\/v2\/users\/1"}],"replies":[{"embeddable":true,"href":"https:\/\/mairiedebailly60.fr\/index.php?rest_route=%2Fwp%2Fv2%2Fcomments&post=232"}],"version-history":[{"count":10,"href":"https:\/\/mairiedebailly60.fr\/index.php?rest_route=\/wp\/v2\/pages\/232\/revisions"}],"predecessor-version":[{"id":636,"href":"https:\/\/mairiedebailly60.fr\/index.php?rest_route=\/wp\/v2\/pages\/232\/revisions\/636"}],"wp:attachment":[{"href":"https:\/\/mairiedebailly60.fr\/index.php?rest_route=%2Fwp%2Fv2%2Fmedia&parent=232"}],"curies":[{"name":"wp","href":"https:\/\/api.w.org\/{rel}","templated":true}]}}