{"id":320,"date":"2020-11-09T16:38:01","date_gmt":"2020-11-09T15:38:01","guid":{"rendered":"http:\/\/mairiedebailly60.fr\/?page_id=320"},"modified":"2025-10-20T12:00:20","modified_gmt":"2025-10-20T10:00:20","slug":"demarches-administratives","status":"publish","type":"page","link":"https:\/\/mairiedebailly60.fr\/?page_id=320","title":{"rendered":"D\u00c9MARCHES ADMINISTRATIVES"},"content":{"rendered":"\n<p>Certaines d\u00e9marches n\u00e9cessitent la production d&rsquo;actes d&rsquo;\u00e9tat civil (acte de naissance, de mariage, de d\u00e9c\u00e8s).<\/p>\n\n\n\n<p><a href=\"https:\/\/www.service-public.fr\/particuliers\/vosdroits\/N359\">https:\/\/www.service-public.fr\/particuliers\/vosdroits\/N359<\/a><\/p>\n\n\n\n<figure class=\"wp-block-image size-large\"><img loading=\"lazy\" width=\"552\" height=\"288\" src=\"http:\/\/mairiedebailly60.fr\/wp-content\/uploads\/2025\/10\/lien-haut-demandeacteetatcivil.jpg\" alt=\"\" class=\"wp-image-596\" srcset=\"https:\/\/mairiedebailly60.fr\/wp-content\/uploads\/2025\/10\/lien-haut-demandeacteetatcivil.jpg 552w, https:\/\/mairiedebailly60.fr\/wp-content\/uploads\/2025\/10\/lien-haut-demandeacteetatcivil-300x157.jpg 300w\" sizes=\"(max-width: 552px) 100vw, 552px\" \/><\/figure>\n\n\n\n<p><a href=\"https:\/\/passeport.ants.gouv.fr\/tout-savoir\/la-carte-nationale-didentite-fait-peau-neuve\" target=\"_blank\" rel=\"noreferrer noopener\">La carte nationale d\u2019identit\u00e9 fait peau neuve !<\/a><\/p>\n\n\n\n<figure class=\"wp-block-image\"><img src=\"https:\/\/www.gond-pontouvre.fr\/wp-content\/uploads\/2022\/02\/cni-recto_large.jpg\" alt=\"\"\/><\/figure>\n\n\n\n<figure class=\"wp-block-image\"><img src=\"https:\/\/www.gond-pontouvre.fr\/wp-content\/uploads\/2022\/02\/cni-verso_large.jpg\" alt=\"\"\/><\/figure>\n\n\n\n<figure class=\"wp-block-image size-large\"><img loading=\"lazy\" width=\"256\" height=\"392\" src=\"https:\/\/mairiedebailly60.fr\/wp-content\/uploads\/2025\/10\/image-4.png\" alt=\"\" class=\"wp-image-626\" srcset=\"https:\/\/mairiedebailly60.fr\/wp-content\/uploads\/2025\/10\/image-4.png 256w, https:\/\/mairiedebailly60.fr\/wp-content\/uploads\/2025\/10\/image-4-196x300.png 196w\" sizes=\"(max-width: 256px) 100vw, 256px\" \/><\/figure>\n\n\n\n<p>Pour demander une carte d&rsquo;identit\u00e9 et\/ou passeport, vous devez <strong>prendre rendez-vous<\/strong> aupr\u00e8s de l&rsquo;une des 38 communes de l&rsquo;Oise :<\/p>\n\n\n\n<figure class=\"wp-block-image size-large\"><img loading=\"lazy\" width=\"485\" height=\"748\" src=\"https:\/\/mairiedebailly60.fr\/wp-content\/uploads\/2025\/10\/image-3.png\" alt=\"\" class=\"wp-image-625\" srcset=\"https:\/\/mairiedebailly60.fr\/wp-content\/uploads\/2025\/10\/image-3.png 485w, https:\/\/mairiedebailly60.fr\/wp-content\/uploads\/2025\/10\/image-3-195x300.png 195w\" sizes=\"(max-width: 485px) 100vw, 485px\" \/><figcaption><br><strong><sub>FICHE INFORMATIQUE CNI<\/sub>  :<br><\/strong><br>La mairie transmettra la demande de CNI vers un Centre d\u2019Expertise et de Ressources Titres, via une application s\u00e9curis\u00e9e appel\u00e9e TES (Titres \u00c9lectroniques S\u00e9curis\u00e9s), d\u00e9j\u00e0 utilis\u00e9e pour les passeports, qui permettra de transmettre les dossiers de mani\u00e8re d\u00e9mat\u00e9rialis\u00e9e pour instruction et de lancer sa fabrication.<br>La num\u00e9risation :<br><em>&#8211; Facilite le renouvellement de votre carte nationale d\u2019identit\u00e9.<\/em><br><em>&#8211; Permet de mieux vous prot\u00e9ger contre l\u2019usurpation de votre identit\u00e9, notamment en cas de perte ou de vol du titre.<\/em><br>La carte sera ensuite \u00e0 retirer aupr\u00e8s de la mairie o\u00f9 l\u2019usager aura d\u00e9pos\u00e9 son dossier.<br>Depuis le 1er janvier 2009, la d\u00e9livrance de la carte d\u2019identit\u00e9 est en principe gratuite.<br>Toutefois, la nouvelle loi de finances de 2009 dispose que pour le renouvellement de la carte d\u2019identit\u00e9, quelqu\u2019en soit le motif, est soumis \u00e0 un droit de timbre de 25 euros lorsque la pr\u00e9c\u00e9dente carte n\u2019est pas pr\u00e9sent\u00e9e au guichet de la mairie.<br>Quelles sont les pi\u00e8ces \u00e0 joindre pour obtenir une carte d\u2019identit\u00e9 ?<br><a rel=\"noreferrer noopener\" href=\"https:\/\/www.service-public.fr\/particuliers\/vosdroits\/F1342\" target=\"_blank\">Premi\u00e8re demande de carte d\u2019identit\u00e9 pour un mineur<\/a><br><a rel=\"noreferrer noopener\" href=\"https:\/\/www.service-public.fr\/particuliers\/vosdroits\/F1341\" target=\"_blank\">Premi\u00e8re demande de carte d\u2019identit\u00e9 pour un majeur<\/a><br><a rel=\"noreferrer noopener\" href=\"https:\/\/www.service-public.fr\/particuliers\/vosdroits\/F21090\" target=\"_blank\">Renouvellement de carte d\u2019identit\u00e9 pour un mineur<\/a><br><a rel=\"noreferrer noopener\" href=\"https:\/\/www.service-public.fr\/particuliers\/vosdroits\/F21089\" target=\"_blank\">Renouvellement de carte d\u2019identit\u00e9 pour un majeur<\/a><br>Attention : en cas de renouvellement pour perte de carte s\u00e9curis\u00e9e, le signaler en mairie afin d\u2019\u00e9tablir une d\u00e9claration de perte (pour vol, nous fournir le d\u00e9p\u00f4t de plainte du commissariat).<br><br>Un nouveau service&nbsp;: la \u00ab&nbsp;pr\u00e9-demande en ligne&nbsp;\u00bb de la carte d\u2019identit\u00e9<br>l\u2019usager peut remplir en ligne sa pr\u00e9-demande de CNI<br>il n\u2019a pas \u00e0 renseigner de formulaire papier au guichet de la mairie.<br>un num\u00e9ro de pr\u00e9-demande lui&nbsp;est attribu\u00e9 qu\u2019il doit noter ou imprimer<br>ce num\u00e9ro permet \u00e0 l\u2019agent de guichet de r\u00e9cup\u00e9rer les informations enregistr\u00e9es en ligne.<br>Pour effectuer une pr\u00e9-demande, il faut cr\u00e9er un compte personnel sur le site de l\u2019agence nationale des titres s\u00e9curis\u00e9s&nbsp;: <a rel=\"noreferrer noopener\" href=\"https:\/\/passeport.ants.gouv.fr\/\" target=\"_blank\">https:\/\/passeport.ants.gouv.fr\/<\/a><br><em>Attention&nbsp;: la pr\u00e9-demande de CNI ne dispense pas l\u2019usager de se rendre en personne au guichet de la mairie pour la prise d\u2019empreintes et le d\u00e9p\u00f4t de son dossier (justificatifs d\u2019\u00e9tat civil et de nationalit\u00e9, justificatif de domicile, photo d\u2019identit\u00e9, timbre fiscal le cas \u00e9ch\u00e9ant).<\/em><br>&nbsp;<br><br>Passeport<br><img loading=\"lazy\" width=\"400\" height=\"267\" src=\"https:\/\/www.gond-pontouvre.fr\/wp-content\/uploads\/2017\/07\/Fotolia_38943636_Subscription_XXL-1024x683.jpg\" alt=\"\"><br>Le passeport biom\u00e9trique<br>Le passeport est un document de circulation. Il est d\u00e9livr\u00e9 par l&rsquo;Etat fran\u00e7ais. Il peut aussi faire office de justificatif d&rsquo;identit\u00e9 au m\u00eame titre que la carte d&rsquo;identit\u00e9 nationale.<br>Depuis le&nbsp;23 juin 2009, la nouvelle g\u00e9n\u00e9ration de passeport biom\u00e9trique est d\u00e9livr\u00e9e en Charente. Il int\u00e8gre d\u00e9sormais puces et donn\u00e9es biom\u00e9triques. Ainsi lors d&rsquo;une demande de passeport, les empreintes digitales et la photo d&rsquo;identit\u00e9 sont dor\u00e9navant num\u00e9ris\u00e9es.<br>Nous vous rappelons que les passeports d\u00e9livr\u00e9s avant cette date restent valables jusqu&rsquo;\u00e0 leur date d&rsquo;expiration.&nbsp;Leur renouvellement n&rsquo;est donc pas obligatoire.<br>Le passeport biom\u00e9trique est valable 10 ans pour un majeur, 5 ans pour un mineur.<br>Pour demander un passeport, vous devez <strong>prendre rendez-vous<\/strong> aupr\u00e8s de<br>l&rsquo;une des 38 communes de l&rsquo;oise<br> le d\u00e9p\u00f4t de la demande.<br>Attention :&nbsp;lors du retrait du passeport, la pr\u00e9sence du demandeur est obligatoire.<br>Co\u00fbt du passeport biom\u00e9trique<br>\u2013 86\u20ac pour les personnes majeures<br>\u2013 42\u20ac pour les jeunes \u00e2g\u00e9s de 15 \u00e0 17 ans r\u00e9volus<br>\u2013 17\u20ac pour les enfants \u00e2g\u00e9s de 0 \u00e0 14 ans r\u00e9volus<br>Il est possible d\u2019acheter un&nbsp;<a rel=\"noreferrer noopener\" href=\"https:\/\/timbres.impots.gouv.fr\/\" target=\"_blank\">timbre fiscal d\u00e9mat\u00e9rialis\u00e9 ici.<\/a><br><br><br>Si vol :&nbsp;r\u00e9c\u00e9piss\u00e9 de d\u00e9claration de vol d\u00e9livr\u00e9 par le commissariat ou la gendarmerie<br>Si perte :&nbsp;la d\u00e9claration sera faite en Mairie uniquement lors du d\u00e9p\u00f4t du dossier<br><br>Pour toute information concernant les titres d\u2019identit\u00e9 exig\u00e9s en fonction de votre pays de destination<br><a rel=\"noreferrer noopener\" href=\"http:\/\/www.diplomatie.gouv.fr\/fr\/conseils-aux-voyageurs\/infos-pratiques-20973\/preparer-son-depart-20975\/formalites-administratives\/\" target=\"_blank\">Consultez le site des affaires \u00e9trang\u00e8res.<\/a><br>Un nouveau service : la \u00ab pr\u00e9-demande en ligne \u00bb du passeport<br>l\u2019usager peut remplir en ligne sa pr\u00e9-demande de passeport<br>il n\u2019a pas \u00e0 renseigner de formulaire papier au guichet de la mairie.<br>un num\u00e9ro de pr\u00e9-demande lui&nbsp;est attribu\u00e9 qu\u2019il doit noter ou imprimer<br>ce num\u00e9ro permet \u00e0 l\u2019agent de guichet de r\u00e9cup\u00e9rer les informations enregistr\u00e9es en ligne.<br>Pour effectuer une pr\u00e9-demande, il faut cr\u00e9er un compte personnel sur le site de l\u2019agence nationale des titres s\u00e9curis\u00e9s&nbsp;: <a rel=\"noreferrer noopener\" href=\"https:\/\/passeport.ants.gouv.fr\/\" target=\"_blank\">https:\/\/passeport.ants.gouv.fr\/<\/a><br><em>Attention : la pr\u00e9-demande de passeport ne dispense pas l\u2019usager de se rendre en personne au guichet de la mairie pour la prise d\u2019empreintes et le d\u00e9p\u00f4t de son dossier (justificatifs d\u2019\u00e9tat civil et de nationalit\u00e9, justificatif de domicile, photo d\u2019identit\u00e9, timbre fiscal le cas \u00e9ch\u00e9ant).<\/em><br>&nbsp;<br><br><\/figcaption><\/figure>\n\n\n\n<p><\/p>\n\n\n\n<p><\/p>\n\n\n\n<p><\/p>\n","protected":false},"excerpt":{"rendered":"<p>Certaines d\u00e9marches n\u00e9cessitent la production d&rsquo;actes d&rsquo;\u00e9tat civil (acte de naissance, de mariage, de d\u00e9c\u00e8s). https:\/\/www.service-public.fr\/particuliers\/vosdroits\/N359 La carte nationale d\u2019identit\u00e9 fait peau neuve ! Pour demander une carte d&rsquo;identit\u00e9 et\/ou passeport, vous devez prendre rendez-vous aupr\u00e8s de l&rsquo;une des 38 communes de l&rsquo;Oise :<\/p>\n","protected":false},"author":1,"featured_media":90,"parent":0,"menu_order":0,"comment_status":"closed","ping_status":"closed","template":"","meta":[],"_links":{"self":[{"href":"https:\/\/mairiedebailly60.fr\/index.php?rest_route=\/wp\/v2\/pages\/320"}],"collection":[{"href":"https:\/\/mairiedebailly60.fr\/index.php?rest_route=\/wp\/v2\/pages"}],"about":[{"href":"https:\/\/mairiedebailly60.fr\/index.php?rest_route=\/wp\/v2\/types\/page"}],"author":[{"embeddable":true,"href":"https:\/\/mairiedebailly60.fr\/index.php?rest_route=\/wp\/v2\/users\/1"}],"replies":[{"embeddable":true,"href":"https:\/\/mairiedebailly60.fr\/index.php?rest_route=%2Fwp%2Fv2%2Fcomments&post=320"}],"version-history":[{"count":12,"href":"https:\/\/mairiedebailly60.fr\/index.php?rest_route=\/wp\/v2\/pages\/320\/revisions"}],"predecessor-version":[{"id":688,"href":"https:\/\/mairiedebailly60.fr\/index.php?rest_route=\/wp\/v2\/pages\/320\/revisions\/688"}],"wp:featuredmedia":[{"embeddable":true,"href":"https:\/\/mairiedebailly60.fr\/index.php?rest_route=\/wp\/v2\/media\/90"}],"wp:attachment":[{"href":"https:\/\/mairiedebailly60.fr\/index.php?rest_route=%2Fwp%2Fv2%2Fmedia&parent=320"}],"curies":[{"name":"wp","href":"https:\/\/api.w.org\/{rel}","templated":true}]}}