{"id":54,"date":"2018-12-04T12:44:12","date_gmt":"2018-12-04T11:44:12","guid":{"rendered":"http:\/\/mairiedebailly60.fr\/?page_id=54"},"modified":"2026-03-27T11:53:55","modified_gmt":"2026-03-27T10:53:55","slug":"a-propos-de","status":"publish","type":"page","link":"https:\/\/mairiedebailly60.fr\/?page_id=54","title":{"rendered":"CONSEIL MUNICIPAL"},"content":{"rendered":"\n<figure class=\"wp-block-image size-large\"><img loading=\"lazy\" width=\"768\" height=\"1024\" src=\"https:\/\/mairiedebailly60.fr\/wp-content\/uploads\/2026\/03\/IMG-20260324-WA0015-768x1024.jpg\" alt=\"\" class=\"wp-image-710\" srcset=\"https:\/\/mairiedebailly60.fr\/wp-content\/uploads\/2026\/03\/IMG-20260324-WA0015-768x1024.jpg 768w, https:\/\/mairiedebailly60.fr\/wp-content\/uploads\/2026\/03\/IMG-20260324-WA0015-225x300.jpg 225w, https:\/\/mairiedebailly60.fr\/wp-content\/uploads\/2026\/03\/IMG-20260324-WA0015-1152x1536.jpg 1152w, https:\/\/mairiedebailly60.fr\/wp-content\/uploads\/2026\/03\/IMG-20260324-WA0015.jpg 1200w\" sizes=\"(max-width: 767px) 89vw, (max-width: 1000px) 54vw, (max-width: 1071px) 543px, 580px\" \/><\/figure>\n\n\n\n<figure class=\"wp-block-table\"><table><tbody><tr><td>M.<\/td><td>LESUEUR<\/td><td>Michel<\/td><td>Maire<\/td><\/tr><tr><td>M.<\/td><td>TIESSE<\/td><td>Jean-Louis<\/td><td>1er adjoint<\/td><\/tr><tr><td>Mme&nbsp;<\/td><td>GONCALVES<\/td><td>Am\u00e9lie<\/td><td>2\u00e8me Adjoint<\/td><\/tr><tr><td>M.<\/td><td>VAN ROEKEGHEM<\/td><td>Emmanuel<\/td><td>3\u00e8me adjoint<\/td><\/tr><tr><td>Mme<\/td><td>MENU<\/td><td>Delphine<\/td><td>4\u00e8me adjoint<\/td><\/tr><tr><td>M.<\/td><td>REGNIER<\/td><td>Gaby<\/td><td>Conseiller<\/td><\/tr><tr><td>M.<\/td><td>LEVIER<\/td><td>Denis<\/td><td>Conseiller<\/td><\/tr><tr><td>M.<\/td><td>RAMALHO OCA<\/td><td>Jos\u00e9<\/td><td>Conseiller<\/td><\/tr><tr><td>M.<\/td><td>TASSART<\/td><td>Andr\u00e9<\/td><td>Conseiller<\/td><\/tr><tr><td>Mme<\/td><td>BRACKEZ<\/td><td>La\u00ebtitia<\/td><td>Conseiller<\/td><\/tr><tr><td>Mme<\/td><td>DUHAN<\/td><td>Charl\u00e8ne<\/td><td>Conseiller<\/td><\/tr><tr><td>Mme&nbsp;<\/td><td>VALE<\/td><td>M\u00e9lanie<\/td><td>Conseiller<\/td><\/tr><tr><td>M<\/td><td>CARPENTIER<\/td><td>Jeremy<\/td><td>Conseiller<\/td><\/tr><tr><td>Mme<\/td><td>HINARD<\/td><td>Am\u00e9lie<\/td><td>Conseiller<\/td><\/tr><tr><td>Mme<\/td><td>DUMAGE<\/td><td>Tifanie<\/td><td>Conseiller<\/td><\/tr><\/tbody><\/table><\/figure>\n\n\n\n<h2>LES COMMISSIONS<\/h2>\n\n\n\n<figure class=\"wp-block-table\"><table><tbody><tr><td>COMMISSION DES FINANCES (8)<\/td><\/tr><tr><td>TITULAIRES<\/td><td>SUPPLEANTS<\/td><\/tr><tr><td>LESUEUR Michel<\/td><td>BRACKEZ La\u00ebtitia<\/td><\/tr><tr><td>Am\u00e9lie GONCALVES<\/td><td>MENU Delphine<\/td><\/tr><tr><td>TIESSE Jean-Louis<\/td><td>REGNIER Gabriel<\/td><\/tr><tr><td>VAN ROEKEGHEM Emmanuel<\/td><td>TASSART Andr\u00e9<\/td><\/tr><tr><td>COMMISSION DES TRAVAUX (10)<\/td><\/tr><tr><td>TITULAIRES<\/td><td>SUPPLEANTS<\/td><\/tr><tr><td>LESUEUR Michel<\/td><td>TIESSE Jean-Louis<\/td><\/tr><tr><td>CARPENTIER J\u00e9r\u00e9my<\/td><td>VAN ROEKEGHEM Emmanuel<\/td><\/tr><tr><td>REGNIER Gabriel<\/td><td>HINARD Am\u00e9lie<\/td><\/tr><tr><td>RAMALHO OCA Jos\u00e9<\/td><td>VALE M\u00e9lanie<\/td><\/tr><tr><td>DUHAN Charl\u00e8ne<\/td><td>DUMAGE Tifanie<\/td><\/tr><tr><td>F\u00caTES ET CEREMONIES TOUT LE CONSEIL<\/td><\/tr><tr><td><\/td><td><\/td><\/tr><tr><td>COMMISSIONS SCOLAIRE ET PERISCOLAIRE (8)<\/td><\/tr><tr><td>TITULAIRES<\/td><td>SUPPLEANTS<\/td><\/tr><tr><td>GONCALVES Am\u00e9lie<\/td><td>LESUEUR Michel<\/td><\/tr><tr><td>HINARD Am\u00e9lie<\/td><td>LEVIER Denis<\/td><\/tr><tr><td>DUMAGE Tifanie<\/td><td>CARPENTIER J\u00e9r\u00e9my<\/td><\/tr><tr><td>DUHAN Charl\u00e8ne<\/td><td>BRACKEZ La\u00ebtitia<\/td><\/tr><tr><td>COMMISSION PLAN LOCAL D&rsquo;URBANISME<\/td><\/tr><tr><td>TITULAIRES<\/td><td>SUPPLEANTS<\/td><\/tr><tr><td>LESUEUR Michel<\/td><td>GONCALVES Am\u00e9lie<\/td><\/tr><tr><td>TIESSE Jean-Louis<\/td><td>VALE M\u00e9lanie<\/td><\/tr><tr><td>VAN ROEKEGHEM Emmanuel<\/td><td>REGNIER Gabriel<\/td><\/tr><tr><td>RAMALHO OCA Jos\u00e9<\/td><td>MENU Delphine<\/td><\/tr><tr><td>COMMISSION D&rsquo;APPEL D&rsquo;OFFRES 6<\/td><\/tr><tr><td>TITULAIRES<\/td><td>SUPPLEANTS<\/td><\/tr><tr><td>LESUEUR Michel<\/td><td>REGNIER Gabriel<\/td><\/tr><tr><td>MENU Delphine<\/td><td>VAN ROEKEGHEM Emmanuel<\/td><\/tr><tr><td>TIESSE Jean-Louis<\/td><td>TASSART Andr\u00e9<\/td><\/tr><tr><td><\/td><td><\/td><\/tr><tr><td><\/td><td><\/td><\/tr><tr><td>COMMISSION DES IMPOTS (4)<\/td><\/tr><tr><td>TITULAIRES<\/td><td>SUPPLEANTS<\/td><\/tr><tr><td>LESUEUR Michel<\/td><td>DUMAGE Tifanie<\/td><\/tr><tr><td>TIESSE Jean-Louis<\/td><td>VAN ROEKEGHEM Emmanuel<\/td><\/tr><tr><td><\/td><td><\/td><\/tr><tr><td>COMMISSION R\u00c9DACTION DU BULLETIN MUNICIPAL (10)<\/td><\/tr><tr><td>TITULAIRES<\/td><td>SUPPLEANTS<\/td><\/tr><tr><td>GONCALVES Am\u00e9lie<\/td><td>LESUEUR Michel<\/td><\/tr><\/tbody><\/table><\/figure>\n\n\n\n<p><\/p>\n","protected":false},"excerpt":{"rendered":"<p>M. LESUEUR Michel Maire M. TIESSE Jean-Louis 1er adjoint Mme&nbsp; GONCALVES Am\u00e9lie 2\u00e8me Adjoint M. VAN ROEKEGHEM Emmanuel 3\u00e8me adjoint Mme MENU Delphine 4\u00e8me adjoint M. REGNIER Gaby Conseiller M. LEVIER Denis Conseiller M. RAMALHO OCA Jos\u00e9 Conseiller M. TASSART Andr\u00e9 Conseiller Mme BRACKEZ La\u00ebtitia Conseiller Mme DUHAN Charl\u00e8ne Conseiller Mme&nbsp; VALE M\u00e9lanie Conseiller M &hellip; <\/p>\n<p class=\"link-more\"><a href=\"https:\/\/mairiedebailly60.fr\/?page_id=54\" class=\"more-link\">Continuer la lecture<span class=\"screen-reader-text\"> de &laquo;&nbsp;CONSEIL MUNICIPAL&nbsp;&raquo;<\/span><\/a><\/p>\n","protected":false},"author":1,"featured_media":0,"parent":0,"menu_order":2,"comment_status":"closed","ping_status":"closed","template":"","meta":[],"_links":{"self":[{"href":"https:\/\/mairiedebailly60.fr\/index.php?rest_route=\/wp\/v2\/pages\/54"}],"collection":[{"href":"https:\/\/mairiedebailly60.fr\/index.php?rest_route=\/wp\/v2\/pages"}],"about":[{"href":"https:\/\/mairiedebailly60.fr\/index.php?rest_route=\/wp\/v2\/types\/page"}],"author":[{"embeddable":true,"href":"https:\/\/mairiedebailly60.fr\/index.php?rest_route=\/wp\/v2\/users\/1"}],"replies":[{"embeddable":true,"href":"https:\/\/mairiedebailly60.fr\/index.php?rest_route=%2Fwp%2Fv2%2Fcomments&post=54"}],"version-history":[{"count":28,"href":"https:\/\/mairiedebailly60.fr\/index.php?rest_route=\/wp\/v2\/pages\/54\/revisions"}],"predecessor-version":[{"id":711,"href":"https:\/\/mairiedebailly60.fr\/index.php?rest_route=\/wp\/v2\/pages\/54\/revisions\/711"}],"wp:attachment":[{"href":"https:\/\/mairiedebailly60.fr\/index.php?rest_route=%2Fwp%2Fv2%2Fmedia&parent=54"}],"curies":[{"name":"wp","href":"https:\/\/api.w.org\/{rel}","templated":true}]}}